{"id":149,"date":"2024-01-05T11:21:39","date_gmt":"2024-01-05T15:21:39","guid":{"rendered":"https:\/\/bombazoinformativo.com\/?page_id=149"},"modified":"2024-01-10T10:59:45","modified_gmt":"2024-01-10T14:59:45","slug":"justicia","status":"publish","type":"page","link":"https:\/\/bombazoinformativo.com\/index.php\/justicia\/","title":{"rendered":"Justicia"},"content":{"rendered":"\n<div class=\"wp-block-query is-layout-flow wp-block-query-is-layout-flow\"><ul class=\"wp-block-post-template is-layout-flow wp-block-post-template-is-layout-flow\"><li class=\"wp-block-post post-7294 post type-post status-publish format-standard has-post-thumbnail hentry category-justicia tag-haitianos tag-investigan tag-policia-nacional-2 tag-profugos\">\n\n<div class=\"wp-block-columns alignwide is-layout-flex wp-container-core-columns-is-layout-9d6595d7 wp-block-columns-is-layout-flex\">\n<div class=\"wp-block-column is-layout-flow wp-block-column-is-layout-flow\" style=\"flex-basis:66.66%\"><figure class=\"wp-block-post-featured-image\"><a href=\"https:\/\/bombazoinformativo.com\/index.php\/2026\/04\/29\/policia-investiga-agente-captado-disparando-contra-profugo-haitiano\/\" target=\"_self\"  ><img decoding=\"async\" width=\"1600\" height=\"1066\" src=\"https:\/\/bombazoinformativo.com\/wp-content\/uploads\/2026\/03\/Policia-Nacional.jpeg\" class=\"attachment-post-thumbnail size-post-thumbnail wp-post-image\" alt=\"Polic\u00eda investiga agente captado disparando contra pr\u00f3fugo haitiano\" style=\"object-fit:cover;\" srcset=\"https:\/\/bombazoinformativo.com\/wp-content\/uploads\/2026\/03\/Policia-Nacional.jpeg 1600w, https:\/\/bombazoinformativo.com\/wp-content\/uploads\/2026\/03\/Policia-Nacional-300x200.jpeg 300w, https:\/\/bombazoinformativo.com\/wp-content\/uploads\/2026\/03\/Policia-Nacional-1024x682.jpeg 1024w, https:\/\/bombazoinformativo.com\/wp-content\/uploads\/2026\/03\/Policia-Nacional-768x512.jpeg 768w, https:\/\/bombazoinformativo.com\/wp-content\/uploads\/2026\/03\/Policia-Nacional-1536x1023.jpeg 1536w, https:\/\/bombazoinformativo.com\/wp-content\/uploads\/2026\/03\/Policia-Nacional-820x545.jpeg 820w, https:\/\/bombazoinformativo.com\/wp-content\/uploads\/2026\/03\/Policia-Nacional-600x400.jpeg 600w\" sizes=\"(max-width: 1600px) 100vw, 1600px\" \/><\/a><\/figure><\/div>\n\n\n\n<div class=\"wp-block-column is-layout-flow wp-block-column-is-layout-flow\" style=\"flex-basis:33.33%\"><h2 class=\"wp-block-post-title\"><a href=\"https:\/\/bombazoinformativo.com\/index.php\/2026\/04\/29\/policia-investiga-agente-captado-disparando-contra-profugo-haitiano\/\" target=\"_self\" >Polic\u00eda investiga agente captado disparando contra pr\u00f3fugo haitiano<\/a><\/h2>\n\n<div class=\"wp-block-post-excerpt\"><p class=\"wp-block-post-excerpt__excerpt\">La Direcci\u00f3n General de la Polic\u00eda Nacional dispuso que los organismos de control interno profundicen las investigaciones en torno a un incidente en el que un agente de la instituci\u00f3n fue captado en un fragmento de video casero accionando su arma de reglamento contra un pr\u00f3fugo de la justicia de nacionalidad haitiana, en circunstancias en&#8230; <\/p><\/div><\/div>\n<\/div>\n\n<\/li><li class=\"wp-block-post post-7275 post type-post status-publish format-standard has-post-thumbnail hentry category-justicia tag-denuncias tag-policia-nacional-2 tag-sde tag-victimas\">\n\n<div class=\"wp-block-columns alignwide is-layout-flex wp-container-core-columns-is-layout-9d6595d7 wp-block-columns-is-layout-flex\">\n<div class=\"wp-block-column is-layout-flow wp-block-column-is-layout-flow\" style=\"flex-basis:66.66%\"><figure class=\"wp-block-post-featured-image\"><a href=\"https:\/\/bombazoinformativo.com\/index.php\/2026\/04\/27\/policia-nacional-exhorta-a-victimas-de-agresiones-con-piedras-en-sde-a-formalizar-denuncias-contra-detenido\/\" target=\"_self\"  ><img decoding=\"async\" width=\"800\" height=\"533\" src=\"https:\/\/bombazoinformativo.com\/wp-content\/uploads\/2026\/04\/Diego-Pesqueira-800x533-1.jpeg\" class=\"attachment-post-thumbnail size-post-thumbnail wp-post-image\" alt=\"Polic\u00eda Nacional exhorta a v\u00edctimas de agresiones con piedras en SDE a formalizar denuncias contra detenido\" style=\"object-fit:cover;\" srcset=\"https:\/\/bombazoinformativo.com\/wp-content\/uploads\/2026\/04\/Diego-Pesqueira-800x533-1.jpeg 800w, https:\/\/bombazoinformativo.com\/wp-content\/uploads\/2026\/04\/Diego-Pesqueira-800x533-1-300x200.jpeg 300w, https:\/\/bombazoinformativo.com\/wp-content\/uploads\/2026\/04\/Diego-Pesqueira-800x533-1-768x512.jpeg 768w, https:\/\/bombazoinformativo.com\/wp-content\/uploads\/2026\/04\/Diego-Pesqueira-800x533-1-600x400.jpeg 600w\" sizes=\"(max-width: 800px) 100vw, 800px\" \/><\/a><\/figure><\/div>\n\n\n\n<div class=\"wp-block-column is-layout-flow wp-block-column-is-layout-flow\" style=\"flex-basis:33.33%\"><h2 class=\"wp-block-post-title\"><a href=\"https:\/\/bombazoinformativo.com\/index.php\/2026\/04\/27\/policia-nacional-exhorta-a-victimas-de-agresiones-con-piedras-en-sde-a-formalizar-denuncias-contra-detenido\/\" target=\"_self\" >Polic\u00eda Nacional exhorta a v\u00edctimas de agresiones con piedras en SDE a formalizar denuncias contra detenido<\/a><\/h2>\n\n<div class=\"wp-block-post-excerpt\"><p class=\"wp-block-post-excerpt__excerpt\">Hombre acusado de m\u00faltiples ataques en la avenida Las Am\u00e9ricas fue apresado y ser\u00e1 sometido a la justicia La Polic\u00eda Nacional exhort\u00f3 a todas las personas que hayan sido v\u00edctimas de agresiones por parte de un hombre en condiciones de calle mediante el lanzamiento de piedras en los alrededores de la zona conocida como El&#8230; <\/p><\/div><\/div>\n<\/div>\n\n<\/li><li class=\"wp-block-post post-7251 post type-post status-publish format-standard has-post-thumbnail hentry category-justicia tag-fallecimiento tag-los-girasoles tag-ministerio-publico tag-nina tag-policia-nacional\">\n\n<div class=\"wp-block-columns alignwide is-layout-flex wp-container-core-columns-is-layout-9d6595d7 wp-block-columns-is-layout-flex\">\n<div class=\"wp-block-column is-layout-flow wp-block-column-is-layout-flow\" style=\"flex-basis:66.66%\"><figure class=\"wp-block-post-featured-image\"><a href=\"https:\/\/bombazoinformativo.com\/index.php\/2026\/04\/22\/policia-nacional-y-ministerio-publico-profundiza-investigaciones-sobre-fallecimiento-nina-en-girasoles-i-d-n\/\" target=\"_self\"  ><img decoding=\"async\" width=\"1600\" height=\"1066\" src=\"https:\/\/bombazoinformativo.com\/wp-content\/uploads\/2026\/03\/Policia-Nacional.jpeg\" class=\"attachment-post-thumbnail size-post-thumbnail wp-post-image\" alt=\"Polic\u00eda Nacional y Ministerio P\u00fablico profundiza investigaciones sobre fallecimiento ni\u00f1a en Girasoles I, D.N.\" style=\"object-fit:cover;\" srcset=\"https:\/\/bombazoinformativo.com\/wp-content\/uploads\/2026\/03\/Policia-Nacional.jpeg 1600w, https:\/\/bombazoinformativo.com\/wp-content\/uploads\/2026\/03\/Policia-Nacional-300x200.jpeg 300w, https:\/\/bombazoinformativo.com\/wp-content\/uploads\/2026\/03\/Policia-Nacional-1024x682.jpeg 1024w, https:\/\/bombazoinformativo.com\/wp-content\/uploads\/2026\/03\/Policia-Nacional-768x512.jpeg 768w, https:\/\/bombazoinformativo.com\/wp-content\/uploads\/2026\/03\/Policia-Nacional-1536x1023.jpeg 1536w, https:\/\/bombazoinformativo.com\/wp-content\/uploads\/2026\/03\/Policia-Nacional-820x545.jpeg 820w, https:\/\/bombazoinformativo.com\/wp-content\/uploads\/2026\/03\/Policia-Nacional-600x400.jpeg 600w\" sizes=\"(max-width: 1600px) 100vw, 1600px\" \/><\/a><\/figure><\/div>\n\n\n\n<div class=\"wp-block-column is-layout-flow wp-block-column-is-layout-flow\" style=\"flex-basis:33.33%\"><h2 class=\"wp-block-post-title\"><a href=\"https:\/\/bombazoinformativo.com\/index.php\/2026\/04\/22\/policia-nacional-y-ministerio-publico-profundiza-investigaciones-sobre-fallecimiento-nina-en-girasoles-i-d-n\/\" target=\"_self\" >Polic\u00eda Nacional y Ministerio P\u00fablico profundiza investigaciones sobre fallecimiento ni\u00f1a en Girasoles I, D.N.<\/a><\/h2>\n\n<div class=\"wp-block-post-excerpt\"><p class=\"wp-block-post-excerpt__excerpt\">La Polic\u00eda Nacional informa que se encuentra investigando de manera activa y prioritaria el tr\u00e1gico fallecimiento de una ni\u00f1a de un a\u00f1o de edad, ocurrido en el sector Girasoles I del Distrito Nacional. La menor, identificada como Ruth Ang\u00e9lica Mota Mart\u00ednez, fue encontrada sin vida en circunstancias que est\u00e1n siendo debidamente esclarecidas por nuestros equipos&#8230; <\/p><\/div><\/div>\n<\/div>\n\n<\/li><\/ul><\/div>\n","protected":false},"excerpt":{"rendered":"","protected":false},"author":1,"featured_media":0,"parent":0,"menu_order":0,"comment_status":"closed","ping_status":"closed","template":"","meta":{"footnotes":""},"class_list":["post-149","page","type-page","status-publish","hentry"],"yoast_head":"<!-- This site is optimized with the Yoast SEO plugin v27.5 - https:\/\/yoast.com\/product\/yoast-seo-wordpress\/ -->\n<title>Justicia - Bombazo Informativo<\/title>\n<meta name=\"robots\" content=\"index, follow, max-snippet:-1, max-image-preview:large, max-video-preview:-1\" \/>\n<link rel=\"canonical\" href=\"https:\/\/bombazoinformativo.com\/index.php\/justicia\/\" \/>\n<meta property=\"og:locale\" content=\"es_ES\" \/>\n<meta property=\"og:type\" content=\"article\" \/>\n<meta property=\"og:title\" content=\"Justicia - Bombazo Informativo\" \/>\n<meta property=\"og:url\" content=\"https:\/\/bombazoinformativo.com\/index.php\/justicia\/\" \/>\n<meta property=\"og:site_name\" content=\"Bombazo Informativo\" \/>\n<meta property=\"article:modified_time\" content=\"2024-01-10T14:59:45+00:00\" \/>\n<meta name=\"twitter:card\" content=\"summary_large_image\" \/>\n<script type=\"application\/ld+json\" class=\"yoast-schema-graph\">{\"@context\":\"https:\\\/\\\/schema.org\",\"@graph\":[{\"@type\":\"WebPage\",\"@id\":\"https:\\\/\\\/bombazoinformativo.com\\\/index.php\\\/justicia\\\/\",\"url\":\"https:\\\/\\\/bombazoinformativo.com\\\/index.php\\\/justicia\\\/\",\"name\":\"Justicia - Bombazo Informativo\",\"isPartOf\":{\"@id\":\"https:\\\/\\\/bombazoinformativo.com\\\/#website\"},\"datePublished\":\"2024-01-05T15:21:39+00:00\",\"dateModified\":\"2024-01-10T14:59:45+00:00\",\"breadcrumb\":{\"@id\":\"https:\\\/\\\/bombazoinformativo.com\\\/index.php\\\/justicia\\\/#breadcrumb\"},\"inLanguage\":\"es-DO\",\"potentialAction\":[{\"@type\":\"ReadAction\",\"target\":[\"https:\\\/\\\/bombazoinformativo.com\\\/index.php\\\/justicia\\\/\"]}]},{\"@type\":\"BreadcrumbList\",\"@id\":\"https:\\\/\\\/bombazoinformativo.com\\\/index.php\\\/justicia\\\/#breadcrumb\",\"itemListElement\":[{\"@type\":\"ListItem\",\"position\":1,\"name\":\"Home\",\"item\":\"https:\\\/\\\/bombazoinformativo.com\\\/\"},{\"@type\":\"ListItem\",\"position\":2,\"name\":\"Justicia\"}]},{\"@type\":\"WebSite\",\"@id\":\"https:\\\/\\\/bombazoinformativo.com\\\/#website\",\"url\":\"https:\\\/\\\/bombazoinformativo.com\\\/\",\"name\":\"Bombazo Informativo\",\"description\":\"En el Bombazo Informativo tenemos el objetivo de brindarte informaciones veraces, con claridad y objetividad.\",\"publisher\":{\"@id\":\"https:\\\/\\\/bombazoinformativo.com\\\/#organization\"},\"potentialAction\":[{\"@type\":\"SearchAction\",\"target\":{\"@type\":\"EntryPoint\",\"urlTemplate\":\"https:\\\/\\\/bombazoinformativo.com\\\/?s={search_term_string}\"},\"query-input\":{\"@type\":\"PropertyValueSpecification\",\"valueRequired\":true,\"valueName\":\"search_term_string\"}}],\"inLanguage\":\"es-DO\"},{\"@type\":\"Organization\",\"@id\":\"https:\\\/\\\/bombazoinformativo.com\\\/#organization\",\"name\":\"Bombazo Informativo\",\"url\":\"https:\\\/\\\/bombazoinformativo.com\\\/\",\"logo\":{\"@type\":\"ImageObject\",\"inLanguage\":\"es-DO\",\"@id\":\"https:\\\/\\\/bombazoinformativo.com\\\/#\\\/schema\\\/logo\\\/image\\\/\",\"url\":\"https:\\\/\\\/bombazoinformativo.com\\\/wp-content\\\/uploads\\\/2024\\\/11\\\/cropped-WhatsApp-Image-2024-11-29-at-12.01.48-PM.jpeg\",\"contentUrl\":\"https:\\\/\\\/bombazoinformativo.com\\\/wp-content\\\/uploads\\\/2024\\\/11\\\/cropped-WhatsApp-Image-2024-11-29-at-12.01.48-PM.jpeg\",\"width\":1599,\"height\":315,\"caption\":\"Bombazo Informativo\"},\"image\":{\"@id\":\"https:\\\/\\\/bombazoinformativo.com\\\/#\\\/schema\\\/logo\\\/image\\\/\"}}]}<\/script>\n<!-- \/ Yoast SEO plugin. -->","yoast_head_json":{"title":"Justicia - Bombazo Informativo","robots":{"index":"index","follow":"follow","max-snippet":"max-snippet:-1","max-image-preview":"max-image-preview:large","max-video-preview":"max-video-preview:-1"},"canonical":"https:\/\/bombazoinformativo.com\/index.php\/justicia\/","og_locale":"es_ES","og_type":"article","og_title":"Justicia - Bombazo Informativo","og_url":"https:\/\/bombazoinformativo.com\/index.php\/justicia\/","og_site_name":"Bombazo Informativo","article_modified_time":"2024-01-10T14:59:45+00:00","twitter_card":"summary_large_image","schema":{"@context":"https:\/\/schema.org","@graph":[{"@type":"WebPage","@id":"https:\/\/bombazoinformativo.com\/index.php\/justicia\/","url":"https:\/\/bombazoinformativo.com\/index.php\/justicia\/","name":"Justicia - Bombazo Informativo","isPartOf":{"@id":"https:\/\/bombazoinformativo.com\/#website"},"datePublished":"2024-01-05T15:21:39+00:00","dateModified":"2024-01-10T14:59:45+00:00","breadcrumb":{"@id":"https:\/\/bombazoinformativo.com\/index.php\/justicia\/#breadcrumb"},"inLanguage":"es-DO","potentialAction":[{"@type":"ReadAction","target":["https:\/\/bombazoinformativo.com\/index.php\/justicia\/"]}]},{"@type":"BreadcrumbList","@id":"https:\/\/bombazoinformativo.com\/index.php\/justicia\/#breadcrumb","itemListElement":[{"@type":"ListItem","position":1,"name":"Home","item":"https:\/\/bombazoinformativo.com\/"},{"@type":"ListItem","position":2,"name":"Justicia"}]},{"@type":"WebSite","@id":"https:\/\/bombazoinformativo.com\/#website","url":"https:\/\/bombazoinformativo.com\/","name":"Bombazo Informativo","description":"En el Bombazo Informativo tenemos el objetivo de brindarte informaciones veraces, con claridad y objetividad.","publisher":{"@id":"https:\/\/bombazoinformativo.com\/#organization"},"potentialAction":[{"@type":"SearchAction","target":{"@type":"EntryPoint","urlTemplate":"https:\/\/bombazoinformativo.com\/?s={search_term_string}"},"query-input":{"@type":"PropertyValueSpecification","valueRequired":true,"valueName":"search_term_string"}}],"inLanguage":"es-DO"},{"@type":"Organization","@id":"https:\/\/bombazoinformativo.com\/#organization","name":"Bombazo Informativo","url":"https:\/\/bombazoinformativo.com\/","logo":{"@type":"ImageObject","inLanguage":"es-DO","@id":"https:\/\/bombazoinformativo.com\/#\/schema\/logo\/image\/","url":"https:\/\/bombazoinformativo.com\/wp-content\/uploads\/2024\/11\/cropped-WhatsApp-Image-2024-11-29-at-12.01.48-PM.jpeg","contentUrl":"https:\/\/bombazoinformativo.com\/wp-content\/uploads\/2024\/11\/cropped-WhatsApp-Image-2024-11-29-at-12.01.48-PM.jpeg","width":1599,"height":315,"caption":"Bombazo Informativo"},"image":{"@id":"https:\/\/bombazoinformativo.com\/#\/schema\/logo\/image\/"}}]}},"jetpack_sharing_enabled":true,"_links":{"self":[{"href":"https:\/\/bombazoinformativo.com\/index.php\/wp-json\/wp\/v2\/pages\/149","targetHints":{"allow":["GET"]}}],"collection":[{"href":"https:\/\/bombazoinformativo.com\/index.php\/wp-json\/wp\/v2\/pages"}],"about":[{"href":"https:\/\/bombazoinformativo.com\/index.php\/wp-json\/wp\/v2\/types\/page"}],"author":[{"embeddable":true,"href":"https:\/\/bombazoinformativo.com\/index.php\/wp-json\/wp\/v2\/users\/1"}],"replies":[{"embeddable":true,"href":"https:\/\/bombazoinformativo.com\/index.php\/wp-json\/wp\/v2\/comments?post=149"}],"version-history":[{"count":3,"href":"https:\/\/bombazoinformativo.com\/index.php\/wp-json\/wp\/v2\/pages\/149\/revisions"}],"predecessor-version":[{"id":244,"href":"https:\/\/bombazoinformativo.com\/index.php\/wp-json\/wp\/v2\/pages\/149\/revisions\/244"}],"wp:attachment":[{"href":"https:\/\/bombazoinformativo.com\/index.php\/wp-json\/wp\/v2\/media?parent=149"}],"curies":[{"name":"wp","href":"https:\/\/api.w.org\/{rel}","templated":true}]}}