{"id":120,"date":"2024-01-03T14:32:47","date_gmt":"2024-01-03T18:32:47","guid":{"rendered":"https:\/\/bombazoinformativo.com\/?page_id=120"},"modified":"2024-01-10T10:46:43","modified_gmt":"2024-01-10T14:46:43","slug":"politica-2","status":"publish","type":"page","link":"https:\/\/bombazoinformativo.com\/index.php\/politica-2\/","title":{"rendered":"Pol\u00edtica"},"content":{"rendered":"\n<div class=\"wp-block-query is-layout-flow wp-block-query-is-layout-flow\"><ul class=\"wp-block-post-template is-layout-flow wp-block-post-template-is-layout-flow\"><li class=\"wp-block-post post-7248 post type-post status-publish format-standard has-post-thumbnail hentry category-politica tag-od tag-opcion-democratica-2 tag-rendicion-de-cuentas\">\n\n<div class=\"wp-block-columns alignwide is-layout-flex wp-container-core-columns-is-layout-9d6595d7 wp-block-columns-is-layout-flex\">\n<div class=\"wp-block-column is-layout-flow wp-block-column-is-layout-flow\" style=\"flex-basis:66.66%\"><figure class=\"wp-block-post-featured-image\"><a href=\"https:\/\/bombazoinformativo.com\/index.php\/2026\/04\/22\/regidor-de-opcion-democratica-rinde-cuentas-y-reafirma-compromiso-con-un-santiago-mas-transparente-ordenado-y-participativo\/\" target=\"_self\"  ><img decoding=\"async\" width=\"2560\" height=\"1707\" src=\"https:\/\/bombazoinformativo.com\/wp-content\/uploads\/2026\/04\/WhatsApp-Image-2026-04-22-at-9.15.56-AM-scaled.jpeg\" class=\"attachment-post-thumbnail size-post-thumbnail wp-post-image\" alt=\"Regidor de Opci\u00f3n Democr\u00e1tica rinde cuentas y reafirma compromiso con un Santiago m\u00e1s transparente, ordenado y participativo\" style=\"object-fit:cover;\" srcset=\"https:\/\/bombazoinformativo.com\/wp-content\/uploads\/2026\/04\/WhatsApp-Image-2026-04-22-at-9.15.56-AM-scaled.jpeg 2560w, https:\/\/bombazoinformativo.com\/wp-content\/uploads\/2026\/04\/WhatsApp-Image-2026-04-22-at-9.15.56-AM-300x200.jpeg 300w, https:\/\/bombazoinformativo.com\/wp-content\/uploads\/2026\/04\/WhatsApp-Image-2026-04-22-at-9.15.56-AM-1024x683.jpeg 1024w, https:\/\/bombazoinformativo.com\/wp-content\/uploads\/2026\/04\/WhatsApp-Image-2026-04-22-at-9.15.56-AM-768x512.jpeg 768w, https:\/\/bombazoinformativo.com\/wp-content\/uploads\/2026\/04\/WhatsApp-Image-2026-04-22-at-9.15.56-AM-1536x1024.jpeg 1536w, https:\/\/bombazoinformativo.com\/wp-content\/uploads\/2026\/04\/WhatsApp-Image-2026-04-22-at-9.15.56-AM-2048x1365.jpeg 2048w, https:\/\/bombazoinformativo.com\/wp-content\/uploads\/2026\/04\/WhatsApp-Image-2026-04-22-at-9.15.56-AM-600x400.jpeg 600w\" sizes=\"(max-width: 2560px) 100vw, 2560px\" \/><\/a><\/figure><\/div>\n\n\n\n<div class=\"wp-block-column is-layout-flow wp-block-column-is-layout-flow\" style=\"flex-basis:33.33%\"><h2 class=\"wp-block-post-title\"><a href=\"https:\/\/bombazoinformativo.com\/index.php\/2026\/04\/22\/regidor-de-opcion-democratica-rinde-cuentas-y-reafirma-compromiso-con-un-santiago-mas-transparente-ordenado-y-participativo\/\" target=\"_self\" >Regidor de Opci\u00f3n Democr\u00e1tica rinde cuentas y reafirma compromiso con un Santiago m\u00e1s transparente, ordenado y participativo<\/a><\/h2>\n\n<div class=\"wp-block-post-excerpt\"><p class=\"wp-block-post-excerpt__excerpt\">Santiago, RD. \u2013 El regidor del partido Opci\u00f3n Democr\u00e1tica (OD) en Santiago, Alexander Germoso, present\u00f3 este martes su rendici\u00f3n de cuentas correspondiente al segundo a\u00f1o de gesti\u00f3n, destacando avances en fiscalizaci\u00f3n, participaci\u00f3n ciudadana, sostenibilidad y ordenamiento urbano, al tiempo que reiter\u00f3 su compromiso con una ciudad \u201cm\u00e1s justa, organizada y vivible\u201d. Durante un acto celebrado&#8230; <\/p><\/div><\/div>\n<\/div>\n\n<\/li><li class=\"wp-block-post post-6914 post type-post status-publish format-standard has-post-thumbnail hentry category-politica tag-alfredo-pacheco tag-carolina-mejia\">\n\n<div class=\"wp-block-columns alignwide is-layout-flex wp-container-core-columns-is-layout-9d6595d7 wp-block-columns-is-layout-flex\">\n<div class=\"wp-block-column is-layout-flow wp-block-column-is-layout-flow\" style=\"flex-basis:66.66%\"><figure class=\"wp-block-post-featured-image\"><a href=\"https:\/\/bombazoinformativo.com\/index.php\/2026\/01\/28\/pacheco-soy-amigo-y-apoyador-de-carolina-mejia\/\" target=\"_self\"  ><img decoding=\"async\" width=\"1280\" height=\"853\" src=\"https:\/\/bombazoinformativo.com\/wp-content\/uploads\/2026\/01\/WhatsApp-Image-2026-01-28-at-2.15.40-PM.jpeg\" class=\"attachment-post-thumbnail size-post-thumbnail wp-post-image\" alt=\"Pacheco: soy amigo y apoyador de Carolina Mej\u00eda\" style=\"object-fit:cover;\" srcset=\"https:\/\/bombazoinformativo.com\/wp-content\/uploads\/2026\/01\/WhatsApp-Image-2026-01-28-at-2.15.40-PM.jpeg 1280w, https:\/\/bombazoinformativo.com\/wp-content\/uploads\/2026\/01\/WhatsApp-Image-2026-01-28-at-2.15.40-PM-300x200.jpeg 300w, https:\/\/bombazoinformativo.com\/wp-content\/uploads\/2026\/01\/WhatsApp-Image-2026-01-28-at-2.15.40-PM-1024x682.jpeg 1024w, https:\/\/bombazoinformativo.com\/wp-content\/uploads\/2026\/01\/WhatsApp-Image-2026-01-28-at-2.15.40-PM-768x512.jpeg 768w, https:\/\/bombazoinformativo.com\/wp-content\/uploads\/2026\/01\/WhatsApp-Image-2026-01-28-at-2.15.40-PM-820x545.jpeg 820w, https:\/\/bombazoinformativo.com\/wp-content\/uploads\/2026\/01\/WhatsApp-Image-2026-01-28-at-2.15.40-PM-600x400.jpeg 600w\" sizes=\"(max-width: 1280px) 100vw, 1280px\" \/><\/a><\/figure><\/div>\n\n\n\n<div class=\"wp-block-column is-layout-flow wp-block-column-is-layout-flow\" style=\"flex-basis:33.33%\"><h2 class=\"wp-block-post-title\"><a href=\"https:\/\/bombazoinformativo.com\/index.php\/2026\/01\/28\/pacheco-soy-amigo-y-apoyador-de-carolina-mejia\/\" target=\"_self\" >Pacheco: soy amigo y apoyador de Carolina Mej\u00eda<\/a><\/h2>\n\n<div class=\"wp-block-post-excerpt\"><p class=\"wp-block-post-excerpt__excerpt\">El presidente de la C\u00e1mara de Diputados, Alfredo Pacheco, afirm\u00f3 que es un amigo y apoyador de la gesti\u00f3n de Carolina Mej\u00eda. \u201cYo estoy en calidad de diputado, de amigo y de apoyador de Carolina Mej\u00eda\u201d, respondi\u00f3 el veterano legislador y dirigente perreme\u00edsta, al ser cuestionado por la comunicadora Susana Gautreau sobre en calidad de&#8230; <\/p><\/div><\/div>\n<\/div>\n\n<\/li><li class=\"wp-block-post post-6861 post type-post status-publish format-standard has-post-thumbnail hentry category-politica tag-apoyo tag-carolina-mejia tag-prm tag-santiago\">\n\n<div class=\"wp-block-columns alignwide is-layout-flex wp-container-core-columns-is-layout-9d6595d7 wp-block-columns-is-layout-flex\">\n<div class=\"wp-block-column is-layout-flow wp-block-column-is-layout-flow\" style=\"flex-basis:66.66%\"><figure class=\"wp-block-post-featured-image\"><a href=\"https:\/\/bombazoinformativo.com\/index.php\/2026\/01\/20\/carolina-mejia-recibe-contundente-apoyo-en-santiago\/\" target=\"_self\"  ><img decoding=\"async\" width=\"1280\" height=\"852\" src=\"https:\/\/bombazoinformativo.com\/wp-content\/uploads\/2026\/01\/WhatsApp-Image-2026-01-20-at-12.11.35-PM.jpeg\" class=\"attachment-post-thumbnail size-post-thumbnail wp-post-image\" alt=\"Carolina Mej\u00eda recibe contundente apoyo en Santiago\" style=\"object-fit:cover;\" srcset=\"https:\/\/bombazoinformativo.com\/wp-content\/uploads\/2026\/01\/WhatsApp-Image-2026-01-20-at-12.11.35-PM.jpeg 1280w, https:\/\/bombazoinformativo.com\/wp-content\/uploads\/2026\/01\/WhatsApp-Image-2026-01-20-at-12.11.35-PM-300x200.jpeg 300w, https:\/\/bombazoinformativo.com\/wp-content\/uploads\/2026\/01\/WhatsApp-Image-2026-01-20-at-12.11.35-PM-1024x682.jpeg 1024w, https:\/\/bombazoinformativo.com\/wp-content\/uploads\/2026\/01\/WhatsApp-Image-2026-01-20-at-12.11.35-PM-768x511.jpeg 768w, https:\/\/bombazoinformativo.com\/wp-content\/uploads\/2026\/01\/WhatsApp-Image-2026-01-20-at-12.11.35-PM-820x545.jpeg 820w, https:\/\/bombazoinformativo.com\/wp-content\/uploads\/2026\/01\/WhatsApp-Image-2026-01-20-at-12.11.35-PM-600x400.jpeg 600w\" sizes=\"(max-width: 1280px) 100vw, 1280px\" \/><\/a><\/figure><\/div>\n\n\n\n<div class=\"wp-block-column is-layout-flow wp-block-column-is-layout-flow\" style=\"flex-basis:33.33%\"><h2 class=\"wp-block-post-title\"><a href=\"https:\/\/bombazoinformativo.com\/index.php\/2026\/01\/20\/carolina-mejia-recibe-contundente-apoyo-en-santiago\/\" target=\"_self\" >Carolina Mej\u00eda recibe contundente apoyo en Santiago<\/a><\/h2>\n\n<div class=\"wp-block-post-excerpt\"><p class=\"wp-block-post-excerpt__excerpt\">Santiago \u2013 Carolina Mej\u00eda recibi\u00f3 un masivo apoyo por parte del liderazgo comunitario y dirigentes pol\u00edticos de la provincia de Santiago con miras a sus aspiraciones presidenciales. Mej\u00eda fue respaldada por considerar que su liderazgo, compromiso con el partido y con el pa\u00eds y su sobrada capacidad de gesti\u00f3n, la cual ha demostrado al frente&#8230; <\/p><\/div><\/div>\n<\/div>\n\n<\/li><\/ul><\/div>\n\n\n\n<p><\/p>\n","protected":false},"excerpt":{"rendered":"","protected":false},"author":1,"featured_media":0,"parent":0,"menu_order":0,"comment_status":"open","ping_status":"closed","template":"","meta":{"footnotes":""},"class_list":["post-120","page","type-page","status-publish","hentry"],"yoast_head":"<!-- This site is optimized with the Yoast SEO plugin v27.5 - https:\/\/yoast.com\/product\/yoast-seo-wordpress\/ -->\n<title>Pol\u00edtica - Bombazo Informativo<\/title>\n<meta name=\"robots\" content=\"index, follow, max-snippet:-1, max-image-preview:large, max-video-preview:-1\" \/>\n<link rel=\"canonical\" href=\"https:\/\/bombazoinformativo.com\/index.php\/politica-2\/\" \/>\n<meta property=\"og:locale\" content=\"es_ES\" \/>\n<meta property=\"og:type\" content=\"article\" \/>\n<meta property=\"og:title\" content=\"Pol\u00edtica - Bombazo Informativo\" \/>\n<meta property=\"og:url\" content=\"https:\/\/bombazoinformativo.com\/index.php\/politica-2\/\" \/>\n<meta property=\"og:site_name\" content=\"Bombazo Informativo\" \/>\n<meta property=\"article:modified_time\" content=\"2024-01-10T14:46:43+00:00\" \/>\n<meta name=\"twitter:card\" content=\"summary_large_image\" \/>\n<script type=\"application\/ld+json\" class=\"yoast-schema-graph\">{\"@context\":\"https:\\\/\\\/schema.org\",\"@graph\":[{\"@type\":\"WebPage\",\"@id\":\"https:\\\/\\\/bombazoinformativo.com\\\/index.php\\\/politica-2\\\/\",\"url\":\"https:\\\/\\\/bombazoinformativo.com\\\/index.php\\\/politica-2\\\/\",\"name\":\"Pol\u00edtica - Bombazo Informativo\",\"isPartOf\":{\"@id\":\"https:\\\/\\\/bombazoinformativo.com\\\/#website\"},\"datePublished\":\"2024-01-03T18:32:47+00:00\",\"dateModified\":\"2024-01-10T14:46:43+00:00\",\"breadcrumb\":{\"@id\":\"https:\\\/\\\/bombazoinformativo.com\\\/index.php\\\/politica-2\\\/#breadcrumb\"},\"inLanguage\":\"es-DO\",\"potentialAction\":[{\"@type\":\"ReadAction\",\"target\":[\"https:\\\/\\\/bombazoinformativo.com\\\/index.php\\\/politica-2\\\/\"]}]},{\"@type\":\"BreadcrumbList\",\"@id\":\"https:\\\/\\\/bombazoinformativo.com\\\/index.php\\\/politica-2\\\/#breadcrumb\",\"itemListElement\":[{\"@type\":\"ListItem\",\"position\":1,\"name\":\"Home\",\"item\":\"https:\\\/\\\/bombazoinformativo.com\\\/\"},{\"@type\":\"ListItem\",\"position\":2,\"name\":\"Pol\u00edtica\"}]},{\"@type\":\"WebSite\",\"@id\":\"https:\\\/\\\/bombazoinformativo.com\\\/#website\",\"url\":\"https:\\\/\\\/bombazoinformativo.com\\\/\",\"name\":\"Bombazo Informativo\",\"description\":\"En el Bombazo Informativo tenemos el objetivo de brindarte informaciones veraces, con claridad y objetividad.\",\"publisher\":{\"@id\":\"https:\\\/\\\/bombazoinformativo.com\\\/#organization\"},\"potentialAction\":[{\"@type\":\"SearchAction\",\"target\":{\"@type\":\"EntryPoint\",\"urlTemplate\":\"https:\\\/\\\/bombazoinformativo.com\\\/?s={search_term_string}\"},\"query-input\":{\"@type\":\"PropertyValueSpecification\",\"valueRequired\":true,\"valueName\":\"search_term_string\"}}],\"inLanguage\":\"es-DO\"},{\"@type\":\"Organization\",\"@id\":\"https:\\\/\\\/bombazoinformativo.com\\\/#organization\",\"name\":\"Bombazo Informativo\",\"url\":\"https:\\\/\\\/bombazoinformativo.com\\\/\",\"logo\":{\"@type\":\"ImageObject\",\"inLanguage\":\"es-DO\",\"@id\":\"https:\\\/\\\/bombazoinformativo.com\\\/#\\\/schema\\\/logo\\\/image\\\/\",\"url\":\"https:\\\/\\\/bombazoinformativo.com\\\/wp-content\\\/uploads\\\/2024\\\/11\\\/cropped-WhatsApp-Image-2024-11-29-at-12.01.48-PM.jpeg\",\"contentUrl\":\"https:\\\/\\\/bombazoinformativo.com\\\/wp-content\\\/uploads\\\/2024\\\/11\\\/cropped-WhatsApp-Image-2024-11-29-at-12.01.48-PM.jpeg\",\"width\":1599,\"height\":315,\"caption\":\"Bombazo Informativo\"},\"image\":{\"@id\":\"https:\\\/\\\/bombazoinformativo.com\\\/#\\\/schema\\\/logo\\\/image\\\/\"}}]}<\/script>\n<!-- \/ Yoast SEO plugin. -->","yoast_head_json":{"title":"Pol\u00edtica - Bombazo Informativo","robots":{"index":"index","follow":"follow","max-snippet":"max-snippet:-1","max-image-preview":"max-image-preview:large","max-video-preview":"max-video-preview:-1"},"canonical":"https:\/\/bombazoinformativo.com\/index.php\/politica-2\/","og_locale":"es_ES","og_type":"article","og_title":"Pol\u00edtica - Bombazo Informativo","og_url":"https:\/\/bombazoinformativo.com\/index.php\/politica-2\/","og_site_name":"Bombazo Informativo","article_modified_time":"2024-01-10T14:46:43+00:00","twitter_card":"summary_large_image","schema":{"@context":"https:\/\/schema.org","@graph":[{"@type":"WebPage","@id":"https:\/\/bombazoinformativo.com\/index.php\/politica-2\/","url":"https:\/\/bombazoinformativo.com\/index.php\/politica-2\/","name":"Pol\u00edtica - Bombazo Informativo","isPartOf":{"@id":"https:\/\/bombazoinformativo.com\/#website"},"datePublished":"2024-01-03T18:32:47+00:00","dateModified":"2024-01-10T14:46:43+00:00","breadcrumb":{"@id":"https:\/\/bombazoinformativo.com\/index.php\/politica-2\/#breadcrumb"},"inLanguage":"es-DO","potentialAction":[{"@type":"ReadAction","target":["https:\/\/bombazoinformativo.com\/index.php\/politica-2\/"]}]},{"@type":"BreadcrumbList","@id":"https:\/\/bombazoinformativo.com\/index.php\/politica-2\/#breadcrumb","itemListElement":[{"@type":"ListItem","position":1,"name":"Home","item":"https:\/\/bombazoinformativo.com\/"},{"@type":"ListItem","position":2,"name":"Pol\u00edtica"}]},{"@type":"WebSite","@id":"https:\/\/bombazoinformativo.com\/#website","url":"https:\/\/bombazoinformativo.com\/","name":"Bombazo Informativo","description":"En el Bombazo Informativo tenemos el objetivo de brindarte informaciones veraces, con claridad y objetividad.","publisher":{"@id":"https:\/\/bombazoinformativo.com\/#organization"},"potentialAction":[{"@type":"SearchAction","target":{"@type":"EntryPoint","urlTemplate":"https:\/\/bombazoinformativo.com\/?s={search_term_string}"},"query-input":{"@type":"PropertyValueSpecification","valueRequired":true,"valueName":"search_term_string"}}],"inLanguage":"es-DO"},{"@type":"Organization","@id":"https:\/\/bombazoinformativo.com\/#organization","name":"Bombazo Informativo","url":"https:\/\/bombazoinformativo.com\/","logo":{"@type":"ImageObject","inLanguage":"es-DO","@id":"https:\/\/bombazoinformativo.com\/#\/schema\/logo\/image\/","url":"https:\/\/bombazoinformativo.com\/wp-content\/uploads\/2024\/11\/cropped-WhatsApp-Image-2024-11-29-at-12.01.48-PM.jpeg","contentUrl":"https:\/\/bombazoinformativo.com\/wp-content\/uploads\/2024\/11\/cropped-WhatsApp-Image-2024-11-29-at-12.01.48-PM.jpeg","width":1599,"height":315,"caption":"Bombazo Informativo"},"image":{"@id":"https:\/\/bombazoinformativo.com\/#\/schema\/logo\/image\/"}}]}},"jetpack_sharing_enabled":true,"_links":{"self":[{"href":"https:\/\/bombazoinformativo.com\/index.php\/wp-json\/wp\/v2\/pages\/120","targetHints":{"allow":["GET"]}}],"collection":[{"href":"https:\/\/bombazoinformativo.com\/index.php\/wp-json\/wp\/v2\/pages"}],"about":[{"href":"https:\/\/bombazoinformativo.com\/index.php\/wp-json\/wp\/v2\/types\/page"}],"author":[{"embeddable":true,"href":"https:\/\/bombazoinformativo.com\/index.php\/wp-json\/wp\/v2\/users\/1"}],"replies":[{"embeddable":true,"href":"https:\/\/bombazoinformativo.com\/index.php\/wp-json\/wp\/v2\/comments?post=120"}],"version-history":[{"count":3,"href":"https:\/\/bombazoinformativo.com\/index.php\/wp-json\/wp\/v2\/pages\/120\/revisions"}],"predecessor-version":[{"id":234,"href":"https:\/\/bombazoinformativo.com\/index.php\/wp-json\/wp\/v2\/pages\/120\/revisions\/234"}],"wp:attachment":[{"href":"https:\/\/bombazoinformativo.com\/index.php\/wp-json\/wp\/v2\/media?parent=120"}],"curies":[{"name":"wp","href":"https:\/\/api.w.org\/{rel}","templated":true}]}}