{"id":12,"date":"2023-12-27T12:35:08","date_gmt":"2023-12-27T16:35:08","guid":{"rendered":"https:\/\/bombazoinformativo.com\/?page_id=12"},"modified":"2024-01-12T09:50:53","modified_gmt":"2024-01-12T13:50:53","slug":"sobre-la-autora","status":"publish","type":"page","link":"https:\/\/bombazoinformativo.com\/index.php\/sobre-la-autora\/","title":{"rendered":"Internacionales"},"content":{"rendered":"\n<div class=\"wp-block-query is-layout-flow wp-block-query-is-layout-flow\"><ul class=\"wp-block-post-template is-layout-flow wp-block-post-template-is-layout-flow\"><li class=\"wp-block-post post-7278 post type-post status-publish format-standard has-post-thumbnail hentry category-internacionales tag-cena tag-corresponsales tag-donald-trump tag-tiroteo\">\n\n<div class=\"wp-block-columns alignwide is-layout-flex wp-container-core-columns-is-layout-9d6595d7 wp-block-columns-is-layout-flex\">\n<div class=\"wp-block-column is-layout-flow wp-block-column-is-layout-flow\" style=\"flex-basis:66.66%\"><figure class=\"wp-block-post-featured-image\"><a href=\"https:\/\/bombazoinformativo.com\/index.php\/2026\/04\/27\/trump-dice-no-estaba-preocupado-durante-tiroteo-en-cena-de-corresponsales\/\" target=\"_self\"  ><img decoding=\"async\" width=\"768\" height=\"459\" src=\"https:\/\/bombazoinformativo.com\/wp-content\/uploads\/2026\/04\/904-x-540-WEB-114-768x459-1.png\" class=\"attachment-post-thumbnail size-post-thumbnail wp-post-image\" alt=\"Trump dice \u201cno estaba preocupado\u201d durante tiroteo en cena de corresponsales\" style=\"object-fit:cover;\" srcset=\"https:\/\/bombazoinformativo.com\/wp-content\/uploads\/2026\/04\/904-x-540-WEB-114-768x459-1.png 768w, https:\/\/bombazoinformativo.com\/wp-content\/uploads\/2026\/04\/904-x-540-WEB-114-768x459-1-300x179.png 300w\" sizes=\"(max-width: 768px) 100vw, 768px\" \/><\/a><\/figure><\/div>\n\n\n\n<div class=\"wp-block-column is-layout-flow wp-block-column-is-layout-flow\" style=\"flex-basis:33.33%\"><h2 class=\"wp-block-post-title\"><a href=\"https:\/\/bombazoinformativo.com\/index.php\/2026\/04\/27\/trump-dice-no-estaba-preocupado-durante-tiroteo-en-cena-de-corresponsales\/\" target=\"_self\" >Trump dice \u201cno estaba preocupado\u201d durante tiroteo en cena de corresponsales<\/a><\/h2>\n\n<div class=\"wp-block-post-excerpt\"><p class=\"wp-block-post-excerpt__excerpt\">El presidente de Estados Unidos, Donald Trump, rest\u00f3 importancia al tiroteo ocurrido durante la cena de corresponsales en Washington y asegur\u00f3 que \u201cno estaba preocupado\u201d, seg\u00fan report\u00f3 The Economic Times. De acuerdo con ese medio, el mandatario sostuvo que la situaci\u00f3n no represent\u00f3 una amenaza directa y plante\u00f3 que el evento podr\u00eda reprogramarse en un&#8230; <\/p><\/div><\/div>\n<\/div>\n\n<\/li><li class=\"wp-block-post post-7269 post type-post status-publish format-standard has-post-thumbnail hentry category-internacionales tag-kiev tag-muertos tag-rusia tag-ucrania\">\n\n<div class=\"wp-block-columns alignwide is-layout-flex wp-container-core-columns-is-layout-9d6595d7 wp-block-columns-is-layout-flex\">\n<div class=\"wp-block-column is-layout-flow wp-block-column-is-layout-flow\" style=\"flex-basis:66.66%\"><figure class=\"wp-block-post-featured-image\"><a href=\"https:\/\/bombazoinformativo.com\/index.php\/2026\/04\/27\/un-muerto-quince-heridos-este-lunes-en-ataques-rusia-ucrania\/\" target=\"_self\"  ><img decoding=\"async\" width=\"679\" height=\"433\" src=\"https:\/\/bombazoinformativo.com\/wp-content\/uploads\/2026\/04\/Odesa.jpg\" class=\"attachment-post-thumbnail size-post-thumbnail wp-post-image\" alt=\"Un muerto, quince heridos este lunes en ataques Rusia-Ucrania\" style=\"object-fit:cover;\" srcset=\"https:\/\/bombazoinformativo.com\/wp-content\/uploads\/2026\/04\/Odesa.jpg 679w, https:\/\/bombazoinformativo.com\/wp-content\/uploads\/2026\/04\/Odesa-300x191.jpg 300w, https:\/\/bombazoinformativo.com\/wp-content\/uploads\/2026\/04\/Odesa-150x95.jpg 150w\" sizes=\"(max-width: 679px) 100vw, 679px\" \/><\/a><\/figure><\/div>\n\n\n\n<div class=\"wp-block-column is-layout-flow wp-block-column-is-layout-flow\" style=\"flex-basis:33.33%\"><h2 class=\"wp-block-post-title\"><a href=\"https:\/\/bombazoinformativo.com\/index.php\/2026\/04\/27\/un-muerto-quince-heridos-este-lunes-en-ataques-rusia-ucrania\/\" target=\"_self\" >Un muerto, quince heridos este lunes en ataques Rusia-Ucrania<\/a><\/h2>\n\n<div class=\"wp-block-post-excerpt\"><p class=\"wp-block-post-excerpt__excerpt\">KIEV. \u2013 Autoridades de Ucrania denunciaron este lunes un nuevo \u00abataque masivo\u00bb de las fuerzas rusas durante la pasada noche sobre zonas residenciales e infraestructura civil en la ciudad ucraniana de Odesa, que ha dejado al menos catorce heridos. Entretanto, un empleado de la central nuclear de Zaporiyia, situada en Ucrania y bajo control de&#8230; <\/p><\/div><\/div>\n<\/div>\n\n<\/li><li class=\"wp-block-post post-7228 post type-post status-publish format-standard has-post-thumbnail hentry category-internacionales category-nacionales tag-codevi tag-dialogo-2 tag-haiti-2 tag-mirex tag-reanudan tag-zona-fronteriza\">\n\n<div class=\"wp-block-columns alignwide is-layout-flex wp-container-core-columns-is-layout-9d6595d7 wp-block-columns-is-layout-flex\">\n<div class=\"wp-block-column is-layout-flow wp-block-column-is-layout-flow\" style=\"flex-basis:66.66%\"><figure class=\"wp-block-post-featured-image\"><a href=\"https:\/\/bombazoinformativo.com\/index.php\/2026\/04\/20\/rd-y-haiti-reanudan-dialogo-sobre-agenda-bilateral-en-zona-fronteriza\/\" target=\"_self\"  ><img decoding=\"async\" width=\"1300\" height=\"731\" src=\"https:\/\/bombazoinformativo.com\/wp-content\/uploads\/2026\/04\/WhatsApp-Image-2026-04-17-at-2.4.jpg\" class=\"attachment-post-thumbnail size-post-thumbnail wp-post-image\" alt=\"RD y Hait\u00ed reanudan di\u00e1logo sobre agenda bilateral en zona fronteriza\" style=\"object-fit:cover;\" srcset=\"https:\/\/bombazoinformativo.com\/wp-content\/uploads\/2026\/04\/WhatsApp-Image-2026-04-17-at-2.4.jpg 1300w, https:\/\/bombazoinformativo.com\/wp-content\/uploads\/2026\/04\/WhatsApp-Image-2026-04-17-at-2.4-300x169.jpg 300w, https:\/\/bombazoinformativo.com\/wp-content\/uploads\/2026\/04\/WhatsApp-Image-2026-04-17-at-2.4-1024x576.jpg 1024w, https:\/\/bombazoinformativo.com\/wp-content\/uploads\/2026\/04\/WhatsApp-Image-2026-04-17-at-2.4-768x432.jpg 768w\" sizes=\"(max-width: 1300px) 100vw, 1300px\" \/><\/a><\/figure><\/div>\n\n\n\n<div class=\"wp-block-column is-layout-flow wp-block-column-is-layout-flow\" style=\"flex-basis:33.33%\"><h2 class=\"wp-block-post-title\"><a href=\"https:\/\/bombazoinformativo.com\/index.php\/2026\/04\/20\/rd-y-haiti-reanudan-dialogo-sobre-agenda-bilateral-en-zona-fronteriza\/\" target=\"_self\" >RD y Hait\u00ed reanudan di\u00e1logo sobre agenda bilateral en zona fronteriza<\/a><\/h2>\n\n<div class=\"wp-block-post-excerpt\"><p class=\"wp-block-post-excerpt__excerpt\">Delegaciones del Mirex y su hom\u00f3logo de Haiti se re\u00fanen en Codevi para dar seguimiento a los nueve puntos acordados en la declaraci\u00f3n conjunta de 2021 Santo Domingo.- Las delegaciones del Ministerio de Relaciones Exteriores de Rep\u00fablica Dominicana&nbsp;(Mirex)&nbsp;y del Ministerio de Relaciones Exteriores y Cultos (MAEC&nbsp;por sus iniciales en franc\u00e9s)&nbsp;de la Rep\u00fablica de Hait\u00ed se&#8230; <\/p><\/div><\/div>\n<\/div>\n\n<\/li><\/ul><\/div>\n\n\n\n<p><\/p>\n","protected":false},"excerpt":{"rendered":"","protected":false},"author":1,"featured_media":0,"parent":0,"menu_order":0,"comment_status":"closed","ping_status":"closed","template":"","meta":{"footnotes":""},"class_list":["post-12","page","type-page","status-publish","hentry"],"yoast_head":"<!-- This site is optimized with the Yoast SEO plugin v27.5 - https:\/\/yoast.com\/product\/yoast-seo-wordpress\/ -->\n<title>Internacionales - Bombazo Informativo<\/title>\n<meta name=\"robots\" content=\"index, follow, max-snippet:-1, max-image-preview:large, max-video-preview:-1\" \/>\n<link rel=\"canonical\" href=\"https:\/\/bombazoinformativo.com\/index.php\/sobre-la-autora\/\" \/>\n<meta property=\"og:locale\" content=\"es_ES\" \/>\n<meta property=\"og:type\" content=\"article\" \/>\n<meta property=\"og:title\" content=\"Internacionales - Bombazo Informativo\" \/>\n<meta property=\"og:url\" content=\"https:\/\/bombazoinformativo.com\/index.php\/sobre-la-autora\/\" \/>\n<meta property=\"og:site_name\" content=\"Bombazo Informativo\" \/>\n<meta property=\"article:modified_time\" content=\"2024-01-12T13:50:53+00:00\" \/>\n<meta name=\"twitter:card\" content=\"summary_large_image\" \/>\n<script type=\"application\/ld+json\" class=\"yoast-schema-graph\">{\"@context\":\"https:\\\/\\\/schema.org\",\"@graph\":[{\"@type\":\"WebPage\",\"@id\":\"https:\\\/\\\/bombazoinformativo.com\\\/index.php\\\/sobre-la-autora\\\/\",\"url\":\"https:\\\/\\\/bombazoinformativo.com\\\/index.php\\\/sobre-la-autora\\\/\",\"name\":\"Internacionales - Bombazo Informativo\",\"isPartOf\":{\"@id\":\"https:\\\/\\\/bombazoinformativo.com\\\/#website\"},\"datePublished\":\"2023-12-27T16:35:08+00:00\",\"dateModified\":\"2024-01-12T13:50:53+00:00\",\"breadcrumb\":{\"@id\":\"https:\\\/\\\/bombazoinformativo.com\\\/index.php\\\/sobre-la-autora\\\/#breadcrumb\"},\"inLanguage\":\"es-DO\",\"potentialAction\":[{\"@type\":\"ReadAction\",\"target\":[\"https:\\\/\\\/bombazoinformativo.com\\\/index.php\\\/sobre-la-autora\\\/\"]}]},{\"@type\":\"BreadcrumbList\",\"@id\":\"https:\\\/\\\/bombazoinformativo.com\\\/index.php\\\/sobre-la-autora\\\/#breadcrumb\",\"itemListElement\":[{\"@type\":\"ListItem\",\"position\":1,\"name\":\"Home\",\"item\":\"https:\\\/\\\/bombazoinformativo.com\\\/\"},{\"@type\":\"ListItem\",\"position\":2,\"name\":\"Internacionales\"}]},{\"@type\":\"WebSite\",\"@id\":\"https:\\\/\\\/bombazoinformativo.com\\\/#website\",\"url\":\"https:\\\/\\\/bombazoinformativo.com\\\/\",\"name\":\"Bombazo Informativo\",\"description\":\"En el Bombazo Informativo tenemos el objetivo de brindarte informaciones veraces, con claridad y objetividad.\",\"publisher\":{\"@id\":\"https:\\\/\\\/bombazoinformativo.com\\\/#organization\"},\"potentialAction\":[{\"@type\":\"SearchAction\",\"target\":{\"@type\":\"EntryPoint\",\"urlTemplate\":\"https:\\\/\\\/bombazoinformativo.com\\\/?s={search_term_string}\"},\"query-input\":{\"@type\":\"PropertyValueSpecification\",\"valueRequired\":true,\"valueName\":\"search_term_string\"}}],\"inLanguage\":\"es-DO\"},{\"@type\":\"Organization\",\"@id\":\"https:\\\/\\\/bombazoinformativo.com\\\/#organization\",\"name\":\"Bombazo Informativo\",\"url\":\"https:\\\/\\\/bombazoinformativo.com\\\/\",\"logo\":{\"@type\":\"ImageObject\",\"inLanguage\":\"es-DO\",\"@id\":\"https:\\\/\\\/bombazoinformativo.com\\\/#\\\/schema\\\/logo\\\/image\\\/\",\"url\":\"https:\\\/\\\/bombazoinformativo.com\\\/wp-content\\\/uploads\\\/2024\\\/11\\\/cropped-WhatsApp-Image-2024-11-29-at-12.01.48-PM.jpeg\",\"contentUrl\":\"https:\\\/\\\/bombazoinformativo.com\\\/wp-content\\\/uploads\\\/2024\\\/11\\\/cropped-WhatsApp-Image-2024-11-29-at-12.01.48-PM.jpeg\",\"width\":1599,\"height\":315,\"caption\":\"Bombazo Informativo\"},\"image\":{\"@id\":\"https:\\\/\\\/bombazoinformativo.com\\\/#\\\/schema\\\/logo\\\/image\\\/\"}}]}<\/script>\n<!-- \/ Yoast SEO plugin. -->","yoast_head_json":{"title":"Internacionales - Bombazo Informativo","robots":{"index":"index","follow":"follow","max-snippet":"max-snippet:-1","max-image-preview":"max-image-preview:large","max-video-preview":"max-video-preview:-1"},"canonical":"https:\/\/bombazoinformativo.com\/index.php\/sobre-la-autora\/","og_locale":"es_ES","og_type":"article","og_title":"Internacionales - Bombazo Informativo","og_url":"https:\/\/bombazoinformativo.com\/index.php\/sobre-la-autora\/","og_site_name":"Bombazo Informativo","article_modified_time":"2024-01-12T13:50:53+00:00","twitter_card":"summary_large_image","schema":{"@context":"https:\/\/schema.org","@graph":[{"@type":"WebPage","@id":"https:\/\/bombazoinformativo.com\/index.php\/sobre-la-autora\/","url":"https:\/\/bombazoinformativo.com\/index.php\/sobre-la-autora\/","name":"Internacionales - Bombazo Informativo","isPartOf":{"@id":"https:\/\/bombazoinformativo.com\/#website"},"datePublished":"2023-12-27T16:35:08+00:00","dateModified":"2024-01-12T13:50:53+00:00","breadcrumb":{"@id":"https:\/\/bombazoinformativo.com\/index.php\/sobre-la-autora\/#breadcrumb"},"inLanguage":"es-DO","potentialAction":[{"@type":"ReadAction","target":["https:\/\/bombazoinformativo.com\/index.php\/sobre-la-autora\/"]}]},{"@type":"BreadcrumbList","@id":"https:\/\/bombazoinformativo.com\/index.php\/sobre-la-autora\/#breadcrumb","itemListElement":[{"@type":"ListItem","position":1,"name":"Home","item":"https:\/\/bombazoinformativo.com\/"},{"@type":"ListItem","position":2,"name":"Internacionales"}]},{"@type":"WebSite","@id":"https:\/\/bombazoinformativo.com\/#website","url":"https:\/\/bombazoinformativo.com\/","name":"Bombazo Informativo","description":"En el Bombazo Informativo tenemos el objetivo de brindarte informaciones veraces, con claridad y objetividad.","publisher":{"@id":"https:\/\/bombazoinformativo.com\/#organization"},"potentialAction":[{"@type":"SearchAction","target":{"@type":"EntryPoint","urlTemplate":"https:\/\/bombazoinformativo.com\/?s={search_term_string}"},"query-input":{"@type":"PropertyValueSpecification","valueRequired":true,"valueName":"search_term_string"}}],"inLanguage":"es-DO"},{"@type":"Organization","@id":"https:\/\/bombazoinformativo.com\/#organization","name":"Bombazo Informativo","url":"https:\/\/bombazoinformativo.com\/","logo":{"@type":"ImageObject","inLanguage":"es-DO","@id":"https:\/\/bombazoinformativo.com\/#\/schema\/logo\/image\/","url":"https:\/\/bombazoinformativo.com\/wp-content\/uploads\/2024\/11\/cropped-WhatsApp-Image-2024-11-29-at-12.01.48-PM.jpeg","contentUrl":"https:\/\/bombazoinformativo.com\/wp-content\/uploads\/2024\/11\/cropped-WhatsApp-Image-2024-11-29-at-12.01.48-PM.jpeg","width":1599,"height":315,"caption":"Bombazo Informativo"},"image":{"@id":"https:\/\/bombazoinformativo.com\/#\/schema\/logo\/image\/"}}]}},"jetpack_sharing_enabled":true,"_links":{"self":[{"href":"https:\/\/bombazoinformativo.com\/index.php\/wp-json\/wp\/v2\/pages\/12","targetHints":{"allow":["GET"]}}],"collection":[{"href":"https:\/\/bombazoinformativo.com\/index.php\/wp-json\/wp\/v2\/pages"}],"about":[{"href":"https:\/\/bombazoinformativo.com\/index.php\/wp-json\/wp\/v2\/types\/page"}],"author":[{"embeddable":true,"href":"https:\/\/bombazoinformativo.com\/index.php\/wp-json\/wp\/v2\/users\/1"}],"replies":[{"embeddable":true,"href":"https:\/\/bombazoinformativo.com\/index.php\/wp-json\/wp\/v2\/comments?post=12"}],"version-history":[{"count":3,"href":"https:\/\/bombazoinformativo.com\/index.php\/wp-json\/wp\/v2\/pages\/12\/revisions"}],"predecessor-version":[{"id":336,"href":"https:\/\/bombazoinformativo.com\/index.php\/wp-json\/wp\/v2\/pages\/12\/revisions\/336"}],"wp:attachment":[{"href":"https:\/\/bombazoinformativo.com\/index.php\/wp-json\/wp\/v2\/media?parent=12"}],"curies":[{"name":"wp","href":"https:\/\/api.w.org\/{rel}","templated":true}]}}